{"id":76,"date":"2024-10-18T14:35:12","date_gmt":"2024-10-18T12:35:12","guid":{"rendered":"https:\/\/longafer.it\/?page_id=76"},"modified":"2024-10-22T17:24:22","modified_gmt":"2024-10-22T15:24:22","slug":"la-nostra-storia","status":"publish","type":"page","link":"https:\/\/longafer.it\/it\/la-nostra-storia\/","title":{"rendered":"La nostra storia"},"content":{"rendered":"\t\t<div data-elementor-type=\"wp-page\" data-elementor-id=\"76\" class=\"elementor elementor-76\" data-elementor-post-type=\"page\">\n\t\t\t\t<div class=\"elementor-element elementor-element-2ed08c4 e-con-full e-flex e-con e-parent\" data-id=\"2ed08c4\" data-element_type=\"container\">\n\t\t<div class=\"elementor-element elementor-element-1f73d1b e-flex e-con-boxed e-con e-child\" data-id=\"1f73d1b\" data-element_type=\"container\">\n\t\t\t\t\t<div class=\"e-con-inner\">\n\t\t\t\t<div class=\"elementor-element elementor-element-6de1e53 elementor-widget elementor-widget-heading\" data-id=\"6de1e53\" data-element_type=\"widget\" data-widget_type=\"heading.default\">\n\t\t\t\t<div class=\"elementor-widget-container\">\n\t\t\t\t\t<h2 class=\"elementor-heading-title elementor-size-default\">Longafer da 40 anni rotaie ferroviario, piastrine di fissaggio e armamento ferroviario<\/h2>\t\t\t\t<\/div>\n\t\t\t\t<\/div>\n\t\t\t\t<div class=\"elementor-element elementor-element-e991f84 elementor-widget-divider--view-line elementor-widget elementor-widget-divider\" data-id=\"e991f84\" data-element_type=\"widget\" data-widget_type=\"divider.default\">\n\t\t\t\t<div class=\"elementor-widget-container\">\n\t\t\t\t\t\t\t<div class=\"elementor-divider\">\n\t\t\t<span class=\"elementor-divider-separator\">\n\t\t\t\t\t\t<\/span>\n\t\t<\/div>\n\t\t\t\t\t\t<\/div>\n\t\t\t\t<\/div>\n\t\t\t\t<div class=\"elementor-element elementor-element-c63fc02 elementor-widget elementor-widget-text-editor\" data-id=\"c63fc02\" data-element_type=\"widget\" data-widget_type=\"text-editor.default\">\n\t\t\t\t<div class=\"elementor-widget-container\">\n\t\t\t\t\t\t\t\t\t<p>Longafer raccoglie nel proprio marchio 40 anni di attivit\u00e0, di esperienza accumulata da Ermanno Longagnani nell\u2019ambito dei materiali ferroviari sia nuovi che da riutilizzo. Le nostre rotaie sono state posate all\u2019interno dei pi\u00f9 grandi stabilimenti italiani e fanno scorrere i vostri impianti assicurandone la necessaria efficienza, concetto, questo, da sempre alla base della nostra filosofia imprenditoriale.<\/p><p>Longafer si apre al mercato con rinnovato vigore, mettendo a disposizione delle aziende che ci scelgono come partner, la maggior parte delle tipologie di rotaia esistenti sul mercato italiano ed europeo.<\/p><p>Abbiamo pensato un\u2019azienda nuova, al passo con i tempi, quindi improntata alla massima flessibilit\u00e0 ma che al tempo stesso poggi le sue basi sulle idee cardine del suo fondatore, dove il cliente, con le sue necessit\u00e0, rappresenta il nostro punto di partenza e la qualit\u00e0 del materiale fornito, un punto di arrivo capace di rinsaldare i rapporti fra il nostro operare ed il mercato. Questo sito rappresenta per voi che lo state consultando, il modo migliore per soffermarvi sulla nostra azienda, per valutare le combinazioni che essa pu\u00f2 offrirvi. Abbiamo studiato con molta attenzione una parte dedicata ai prodotti in grado di trasferire agli uffici tecnici tutte le informazioni necessarie per comprendere i nostri prodotti nelle tre classificazioni di base: rotaie ferroviarie \/ rotaie decauville \/ rotaie burback. Un piccolo segnale, al quale se ne aggiungeranno molti altri, di un\u2019azienda da sempre considerata leader nella commercializzazione del prodotto rotaia. Il desiderio del fondatore era quello che Longafer potesse affrontare le nuove sfide imposte del mercato con un assetto capace di essere al passo con i tempi. Questo \u00e8 il messaggio che la seconda generazione ha ricevuto in eredit\u00e0 e che porr\u00e0 al centro del proprio operare nel prossimo futuro.<\/p><p>Amministratore Unico Longafer Srl<br \/>Giuseppe Longagnani<\/p>\t\t\t\t\t\t\t\t<\/div>\n\t\t\t\t<\/div>\n\t\t<div class=\"elementor-element elementor-element-3b654ce e-con-full e-flex e-con e-child\" data-id=\"3b654ce\" data-element_type=\"container\">\n\t\t\t\t<div class=\"elementor-element elementor-element-15e31ba elementor-widget elementor-widget-image\" data-id=\"15e31ba\" data-element_type=\"widget\" data-widget_type=\"image.default\">\n\t\t\t\t<div class=\"elementor-widget-container\">\n\t\t\t\t\t\t\t\t\t\t\t\t\t\t\t\t<a href=\"https:\/\/longafer.it\/wp-content\/uploads\/2024\/10\/chi-siamo-01.webp\" data-elementor-open-lightbox=\"yes\" data-elementor-lightbox-title=\"chi-siamo-01\" data-e-action-hash=\"#elementor-action%3Aaction%3Dlightbox%26settings%3DeyJpZCI6MjY3LCJ1cmwiOiJodHRwczpcL1wvbG9uZ2FmZXIuaXRcL3dwLWNvbnRlbnRcL3VwbG9hZHNcLzIwMjRcLzEwXC9jaGktc2lhbW8tMDEud2VicCJ9\">\n\t\t\t\t\t\t\t<img fetchpriority=\"high\" decoding=\"async\" width=\"800\" height=\"450\" src=\"https:\/\/longafer.it\/wp-content\/uploads\/2024\/10\/chi-siamo-01-1024x576.webp\" class=\"attachment-large size-large wp-image-267\" alt=\"\" srcset=\"https:\/\/longafer.it\/wp-content\/uploads\/2024\/10\/chi-siamo-01-1024x576.webp 1024w, https:\/\/longafer.it\/wp-content\/uploads\/2024\/10\/chi-siamo-01-300x169.webp 300w, https:\/\/longafer.it\/wp-content\/uploads\/2024\/10\/chi-siamo-01-768x432.webp 768w, https:\/\/longafer.it\/wp-content\/uploads\/2024\/10\/chi-siamo-01.webp 1500w\" sizes=\"(max-width: 800px) 100vw, 800px\" \/>\t\t\t\t\t\t\t\t<\/a>\n\t\t\t\t\t\t\t\t\t\t\t\t\t\t\t<\/div>\n\t\t\t\t<\/div>\n\t\t\t\t<div class=\"elementor-element elementor-element-2fb5e9c elementor-widget elementor-widget-image\" data-id=\"2fb5e9c\" data-element_type=\"widget\" data-widget_type=\"image.default\">\n\t\t\t\t<div class=\"elementor-widget-container\">\n\t\t\t\t\t\t\t\t\t\t\t\t\t\t\t\t<a href=\"https:\/\/longafer.it\/wp-content\/uploads\/2024\/10\/chi-siamo-02.webp\" data-elementor-open-lightbox=\"yes\" data-elementor-lightbox-title=\"chi-siamo-02\" data-e-action-hash=\"#elementor-action%3Aaction%3Dlightbox%26settings%3DeyJpZCI6MjY5LCJ1cmwiOiJodHRwczpcL1wvbG9uZ2FmZXIuaXRcL3dwLWNvbnRlbnRcL3VwbG9hZHNcLzIwMjRcLzEwXC9jaGktc2lhbW8tMDIud2VicCJ9\">\n\t\t\t\t\t\t\t<img decoding=\"async\" width=\"800\" height=\"450\" src=\"https:\/\/longafer.it\/wp-content\/uploads\/2024\/10\/chi-siamo-02-1024x576.webp\" class=\"attachment-large size-large wp-image-269\" alt=\"\" srcset=\"https:\/\/longafer.it\/wp-content\/uploads\/2024\/10\/chi-siamo-02-1024x576.webp 1024w, https:\/\/longafer.it\/wp-content\/uploads\/2024\/10\/chi-siamo-02-300x169.webp 300w, https:\/\/longafer.it\/wp-content\/uploads\/2024\/10\/chi-siamo-02-768x432.webp 768w, https:\/\/longafer.it\/wp-content\/uploads\/2024\/10\/chi-siamo-02.webp 1500w\" sizes=\"(max-width: 800px) 100vw, 800px\" \/>\t\t\t\t\t\t\t\t<\/a>\n\t\t\t\t\t\t\t\t\t\t\t\t\t\t\t<\/div>\n\t\t\t\t<\/div>\n\t\t\t\t<\/div>\n\t\t\t\t\t<\/div>\n\t\t\t\t<\/div>\n\t\t\t\t<\/div>\n\t\t\t\t<\/div>\n\t\t","protected":false},"excerpt":{"rendered":"<p>Longafer da 40 anni rotaie ferroviario, piastrine di fissaggio e armamento ferroviario Longafer raccoglie nel proprio marchio 40 anni di attivit\u00e0, di esperienza accumulata da Ermanno Longagnani nell\u2019ambito dei materiali ferroviari sia nuovi che da riutilizzo. Le nostre rotaie sono state posate all\u2019interno dei pi\u00f9 grandi stabilimenti italiani e fanno scorrere i vostri impianti assicurandone [&hellip;]<\/p>\n","protected":false},"author":1,"featured_media":0,"parent":0,"menu_order":0,"comment_status":"closed","ping_status":"closed","template":"","meta":{"footnotes":""},"class_list":["post-76","page","type-page","status-publish","hentry"],"_links":{"self":[{"href":"https:\/\/longafer.it\/it\/wp-json\/wp\/v2\/pages\/76","targetHints":{"allow":["GET"]}}],"collection":[{"href":"https:\/\/longafer.it\/it\/wp-json\/wp\/v2\/pages"}],"about":[{"href":"https:\/\/longafer.it\/it\/wp-json\/wp\/v2\/types\/page"}],"author":[{"embeddable":true,"href":"https:\/\/longafer.it\/it\/wp-json\/wp\/v2\/users\/1"}],"replies":[{"embeddable":true,"href":"https:\/\/longafer.it\/it\/wp-json\/wp\/v2\/comments?post=76"}],"version-history":[{"count":10,"href":"https:\/\/longafer.it\/it\/wp-json\/wp\/v2\/pages\/76\/revisions"}],"predecessor-version":[{"id":273,"href":"https:\/\/longafer.it\/it\/wp-json\/wp\/v2\/pages\/76\/revisions\/273"}],"wp:attachment":[{"href":"https:\/\/longafer.it\/it\/wp-json\/wp\/v2\/media?parent=76"}],"curies":[{"name":"wp","href":"https:\/\/api.w.org\/{rel}","templated":true}]}}