{"id":201,"date":"2024-10-21T11:17:05","date_gmt":"2024-10-21T09:17:05","guid":{"rendered":"https:\/\/longafer.it\/?page_id=201"},"modified":"2024-10-22T17:25:27","modified_gmt":"2024-10-22T15:25:27","slug":"qualita-rotaie-ferroviarie-decauville-burback-usate-armamento-ferroviario-piastrine-di-fissaggio-per-carroponte-fornaci-magazzini-automatici-rails","status":"publish","type":"page","link":"https:\/\/longafer.it\/it\/qualita-rotaie-ferroviarie-decauville-burback-usate-armamento-ferroviario-piastrine-di-fissaggio-per-carroponte-fornaci-magazzini-automatici-rails\/","title":{"rendered":"Qualit\u00e0"},"content":{"rendered":"\t\t<div data-elementor-type=\"wp-page\" data-elementor-id=\"201\" class=\"elementor elementor-201\" data-elementor-post-type=\"page\">\n\t\t\t\t<div class=\"elementor-element elementor-element-2ed08c4 e-con-full e-flex e-con e-parent\" data-id=\"2ed08c4\" data-element_type=\"container\">\n\t\t<div class=\"elementor-element elementor-element-1f73d1b e-flex e-con-boxed e-con e-child\" data-id=\"1f73d1b\" data-element_type=\"container\">\n\t\t\t\t\t<div class=\"e-con-inner\">\n\t\t\t\t<div class=\"elementor-element elementor-element-6de1e53 elementor-widget elementor-widget-heading\" data-id=\"6de1e53\" data-element_type=\"widget\" data-widget_type=\"heading.default\">\n\t\t\t\t<div class=\"elementor-widget-container\">\n\t\t\t\t\t<h2 class=\"elementor-heading-title elementor-size-default\">Qualit\u00e0<\/h2>\t\t\t\t<\/div>\n\t\t\t\t<\/div>\n\t\t\t\t<div class=\"elementor-element elementor-element-e991f84 elementor-widget-divider--view-line elementor-widget elementor-widget-divider\" data-id=\"e991f84\" data-element_type=\"widget\" data-widget_type=\"divider.default\">\n\t\t\t\t<div class=\"elementor-widget-container\">\n\t\t\t\t\t\t\t<div class=\"elementor-divider\">\n\t\t\t<span class=\"elementor-divider-separator\">\n\t\t\t\t\t\t<\/span>\n\t\t<\/div>\n\t\t\t\t\t\t<\/div>\n\t\t\t\t<\/div>\n\t\t\t\t<div class=\"elementor-element elementor-element-c63fc02 elementor-widget elementor-widget-text-editor\" data-id=\"c63fc02\" data-element_type=\"widget\" data-widget_type=\"text-editor.default\">\n\t\t\t\t<div class=\"elementor-widget-container\">\n\t\t\t\t\t\t\t\t\t<p>La nostra Azienda \u00e8 in grado di fornire un elevato standard qualitativo.<\/p><p>Profili Nuovi:<br \/>I nostri materiali provengono dalle pi\u00f9 importanti acciaierie del mercato CEE, e sono corredati da certificazioni di analisi di idoneit\u00e0.<\/p><p>Profili Usati:<br \/>Nei profili \u201cusati\u201d, provenienti esclusivamente dal mercato italiano, viene da noi garantita la perfetta linearit\u00e0 e il bassissimo stato di usura. Ogni singola rotaia, prima di essere commercializzata, \u00e8 sottoposta ad una accurata selezione a garanzia di una elevata qualit\u00e0.<\/p>\t\t\t\t\t\t\t\t<\/div>\n\t\t\t\t<\/div>\n\t\t\t\t<div class=\"elementor-element elementor-element-dffb64b elementor-widget elementor-widget-image\" data-id=\"dffb64b\" data-element_type=\"widget\" data-widget_type=\"image.default\">\n\t\t\t\t<div class=\"elementor-widget-container\">\n\t\t\t\t\t\t\t\t\t\t\t\t\t\t\t\t<a href=\"https:\/\/longafer.it\/wp-content\/uploads\/2024\/10\/qualita-01.webp\" data-elementor-open-lightbox=\"yes\" data-elementor-lightbox-title=\"qualita-01\" data-e-action-hash=\"#elementor-action%3Aaction%3Dlightbox%26settings%3DeyJpZCI6Mjc0LCJ1cmwiOiJodHRwczpcL1wvbG9uZ2FmZXIuaXRcL3dwLWNvbnRlbnRcL3VwbG9hZHNcLzIwMjRcLzEwXC9xdWFsaXRhLTAxLndlYnAifQ%3D%3D\">\n\t\t\t\t\t\t\t<img fetchpriority=\"high\" decoding=\"async\" width=\"1500\" height=\"844\" src=\"https:\/\/longafer.it\/wp-content\/uploads\/2024\/10\/qualita-01.webp\" class=\"attachment-full size-full wp-image-274\" alt=\"\" srcset=\"https:\/\/longafer.it\/wp-content\/uploads\/2024\/10\/qualita-01.webp 1500w, https:\/\/longafer.it\/wp-content\/uploads\/2024\/10\/qualita-01-300x169.webp 300w, https:\/\/longafer.it\/wp-content\/uploads\/2024\/10\/qualita-01-1024x576.webp 1024w, https:\/\/longafer.it\/wp-content\/uploads\/2024\/10\/qualita-01-768x432.webp 768w\" sizes=\"(max-width: 1500px) 100vw, 1500px\" \/>\t\t\t\t\t\t\t\t<\/a>\n\t\t\t\t\t\t\t\t\t\t\t\t\t\t\t<\/div>\n\t\t\t\t<\/div>\n\t\t\t\t\t<\/div>\n\t\t\t\t<\/div>\n\t\t\t\t<\/div>\n\t\t\t\t<\/div>\n\t\t","protected":false},"excerpt":{"rendered":"<p>Qualit\u00e0 La nostra Azienda \u00e8 in grado di fornire un elevato standard qualitativo. Profili Nuovi:I nostri materiali provengono dalle pi\u00f9 importanti acciaierie del mercato CEE, e sono corredati da certificazioni di analisi di idoneit\u00e0. Profili Usati:Nei profili \u201cusati\u201d, provenienti esclusivamente dal mercato italiano, viene da noi garantita la perfetta linearit\u00e0 e il bassissimo stato di [&hellip;]<\/p>\n","protected":false},"author":1,"featured_media":0,"parent":0,"menu_order":0,"comment_status":"closed","ping_status":"closed","template":"","meta":{"footnotes":""},"class_list":["post-201","page","type-page","status-publish","hentry"],"_links":{"self":[{"href":"https:\/\/longafer.it\/it\/wp-json\/wp\/v2\/pages\/201","targetHints":{"allow":["GET"]}}],"collection":[{"href":"https:\/\/longafer.it\/it\/wp-json\/wp\/v2\/pages"}],"about":[{"href":"https:\/\/longafer.it\/it\/wp-json\/wp\/v2\/types\/page"}],"author":[{"embeddable":true,"href":"https:\/\/longafer.it\/it\/wp-json\/wp\/v2\/users\/1"}],"replies":[{"embeddable":true,"href":"https:\/\/longafer.it\/it\/wp-json\/wp\/v2\/comments?post=201"}],"version-history":[{"count":13,"href":"https:\/\/longafer.it\/it\/wp-json\/wp\/v2\/pages\/201\/revisions"}],"predecessor-version":[{"id":284,"href":"https:\/\/longafer.it\/it\/wp-json\/wp\/v2\/pages\/201\/revisions\/284"}],"wp:attachment":[{"href":"https:\/\/longafer.it\/it\/wp-json\/wp\/v2\/media?parent=201"}],"curies":[{"name":"wp","href":"https:\/\/api.w.org\/{rel}","templated":true}]}}